{"id":6943,"date":"2022-02-21T14:55:31","date_gmt":"2022-02-21T12:55:31","guid":{"rendered":"https:\/\/satakielikuukausi.fi\/medialle\/"},"modified":"2026-02-20T09:01:05","modified_gmt":"2026-02-20T07:01:05","slug":"info","status":"publish","type":"page","link":"https:\/\/satakielikuukausi.fi\/sv\/info\/","title":{"rendered":"Info"},"content":{"rendered":"<p>Flerspr\u00e5kighetsm\u00e5naden \u00e4r en samling evenemang som \u00e4r \u00f6ppna f\u00f6r alla. Gemensamt f\u00f6r de projekt och evenemang som anm\u00e4lts \u00e4r att man i dem p\u00e5 ett eller annat s\u00e4tt beaktar modersm\u00e5lets och spr\u00e5kens betydelse.<\/p>\n<p><span style=\"font-size: 1.7em; font-weight: bold;\">Logotyper<\/span><\/p>\n<ul>\n<li><a href=\"https:\/\/satakielikuukausi.fi\/wp-content\/uploads\/2022\/02\/logo_no_text.png\">LOGO utan text PNG<\/a><\/li>\n<li><a href=\"https:\/\/satakielikuukausi.fi\/wp-content\/uploads\/2021\/11\/cropped-cropped-cropped-satakielilogo2_2016-011-2-1.png\">LOGO Satakielikuukausi v\u00e5gr\u00e4tt PNG<\/a><\/li>\n<li><a href=\"https:\/\/satakielikuukausi.fi\/wp-content\/uploads\/2022\/02\/Satakielikuukausi-logo-paivamaaralla-resized.jpg\">LOGO Satakielikuukausi med datum JPG<\/a><\/li>\n<li><a href=\"https:\/\/satakielikuukausi.fi\/wp-content\/uploads\/2018\/02\/multilingual-month-logo-square.jpg\">LOGO Multilingual Month med datum JPG<\/a><\/li>\n<\/ul>\n<p>Flerspr\u00e5kighetsm\u00e5nadens logon kan anv\u00e4ndas fritt.<\/p>\n<h2>Pressmeddelande\u00a02\/2026<\/h2>\n<p><a href=\"https:\/\/satakielikuukausi.fi\/sv\/info\/\">Suomeksi<\/a>.<br \/>\n<a href=\"https:\/\/satakielikuukausi.fi\/sv\/info\/\">In English<\/a>.<\/p>\n<p>Flerspr\u00e5kighetsm\u00e5naden Satakielikuukausi hyllar spr\u00e5klig m\u00e5ngfald 21.2\u2013 21.3<\/p>\n<p>I \u00e5r firas Flerspr\u00e5kighetsm\u00e5naden f\u00f6r tolfte g\u00e5ngen.<\/p>\n<p>Flerspr\u00e5kighetsm\u00e5naden Satakielikuukausi \u00e4r en \u00e5rligt \u00e5terkommande fest f\u00f6r spr\u00e5klig m\u00e5ngfald som sprider sig till kulturhusen, biblioteken, skolorna och hemmen. Den inleds p\u00e5 den internationella modersm\u00e5lsdagen den 21 februari och avslutas den 21 mars med evenemangen p\u00e5 v\u00e4rldspoesidagen och den internationella dagen f\u00f6r avskaffande av rasdiskriminering. Flerspr\u00e5kighetsm\u00e5naden utmanar alla att utforska modersm\u00e5lets och spr\u00e5kens betydelse genom konst, m\u00f6ten och gemensamma aktiviteter.<\/p>\n<p>Flerspr\u00e5kighetsm\u00e5nadens program best\u00e5r till exempel av presentationer, diskussioner, sagostunder, utst\u00e4llningar och verkst\u00e4der. \u00a0Genom olika konst- och kulturevenemang synligg\u00f6rs flerspr\u00e5kighetens rikedom, utforskas spr\u00e5kliga identitetskonstruktioner och skapas m\u00f6jligheter till m\u00f6ten \u00f6ver spr\u00e5kgr\u00e4nserna. P\u00e5 <a href=\"http:\/\/www.satakielikuukausi.fi\/\">Satakielikuukausi-webbplatsen<\/a> samt <a href=\"https:\/\/www.facebook.com\/satakielikuukausi\" target=\"_blank\" rel=\"noopener\">Satakielikuukausi Facebook-sidan<\/a> publiceras information om temam\u00e5nadens evenemang. Alla evenemang som registrerats f\u00f6r Flerspr\u00e5kighetsm\u00e5naden kommer att publiceras p\u00e5 webbplatsen senast den 20 februari.<\/p>\n<p>Utst\u00e4llningar, sagostunder f\u00f6r barn och andra evenemang ordnas runtom i Finland, fr\u00e5n huvudstadsregionen till Rovaniemi och fr\u00e5n Kuopio till Sein\u00e4joki.<\/p>\n<p>N\u00e5gra exemplar av program:<\/p>\n<ul>\n<li>F\u00f6rfattaren Nataliia Deineka presenterar sin nya tv\u00e5spr\u00e5kiga bilderbok p\u00e5 en sagostund den 21 februari kl. 12\u201313 p\u00e5 Kuopio stadsbibliotek.<\/li>\n<li>Ateneum erbjuder guidade turer p\u00e5 l\u00e4tt finska tillsammans med en kamratguide p\u00e5 arabiska, kurdiska, azerbajdzjanska, turkiska och ryska \u00a0f\u00f6r att st\u00f6dja flerspr\u00e5kighet. 24 januari\u201317 mars, Konstmuseet Ateneum, Helsingfors.<\/li>\n<li>OBS! Tyv\u00e4rr \u00e4r detta evenemang inst\u00e4llt: Bibliotekets mystiska inv\u00e5nare! -utst\u00e4llningen st\u00f6der flerspr\u00e5kighet genom att presentera barns egenproducerade ber\u00e4ttelser och bilder p\u00e5 deras egna modersm\u00e5l. 23 februari\u20131 mars, Ikalis stadsbibliotek.<\/li>\n<li>Vanda stadsbibliotek erbjuder Flerspr\u00e5kighetsm\u00e5nadens konserter p\u00e5 sina olika bibliotek, 28 februari\u201314 mars: nio konserter som h\u00e4mtar inspiration fr\u00e5n till exempel bengaliska, sydamerikanska och persiska musiktraditioner och som presenterar afrojazz och inkluderar bland annat georgiskt, portugisiskt, japanskt och taiwanesiskt spr\u00e5k.<\/li>\n<\/ul>\n<p>Flerspr\u00e5kighetsm\u00e5naden\u00a0koordineras av det Flerspr\u00e5kiga biblioteket, tillsammans med servicen Kultur f\u00f6r alla.<\/p>\n<p>Delta i den m\u00e5ngspr\u00e5kiga festen!<\/p>\n<p>Du kan ocks\u00e5 delta genom att dela temarelaterat material, bilder, texter eller reflektioner p\u00e5 sociala medier med hashtaggarna #Satakielikuukausi #Flerspr\u00e5kighetsm\u00e5naden #MultilingualMonth #Flerspr\u00e5kighet #monikielisyys.<\/p>\n<h3>Mer information<\/h3>\n<p>Se hela programmet och l\u00e4s bloggen h\u00e4r: <a href=\"http:\/\/www.satakielikuukausi.fi\">www.satakielikuukausi.fi<\/a><\/p>\n<p><a href=\"https:\/\/www.facebook.com\/satakielikuukausi\" target=\"_blank\" rel=\"noopener\">Satakielikuukausi Facebook-sidan<\/a><br \/>\nDet Flerspr\u00e5kiga biblioteket: <a href=\"mailto:monikielinen.kirjasto@hel.fi\">monikielinen.kirjasto@hel.fi<\/a>.<\/p>\n<p>&nbsp;<\/p>\n","protected":false},"excerpt":{"rendered":"<p>Flerspr\u00e5kighetsm\u00e5naden \u00e4r en samling evenemang som \u00e4r \u00f6ppna f\u00f6r alla. Gemensamt f\u00f6r de projekt och evenemang som anm\u00e4lts \u00e4r att man i dem p\u00e5 ett eller annat s\u00e4tt beaktar modersm\u00e5lets och spr\u00e5kens betydelse. Logotyper LOGO utan text PNG LOGO Satakielikuukausi v\u00e5gr\u00e4tt PNG LOGO Satakielikuukausi med datum JPG LOGO Multilingual Month med datum JPG Flerspr\u00e5kighetsm\u00e5nadens logon [&hellip;]<\/p>\n","protected":false},"author":14,"featured_media":6701,"parent":0,"menu_order":0,"comment_status":"closed","ping_status":"closed","template":"","meta":{"_monsterinsights_skip_tracking":false,"_monsterinsights_sitenote_active":false,"_monsterinsights_sitenote_note":"","_monsterinsights_sitenote_category":0,"site-sidebar-layout":"no-sidebar","site-content-layout":"page-builder","ast-site-content-layout":"full-width-container","site-content-style":"unboxed","site-sidebar-style":"unboxed","ast-global-header-display":"","ast-banner-title-visibility":"","ast-main-header-display":"","ast-hfb-above-header-display":"","ast-hfb-below-header-display":"","ast-hfb-mobile-header-display":"","site-post-title":"disabled","ast-breadcrumbs-content":"disabled","ast-featured-img":"disabled","footer-sml-layout":"","ast-disable-related-posts":"","theme-transparent-header-meta":"default","adv-header-id-meta":"","stick-header-meta":"default","header-above-stick-meta":"","header-main-stick-meta":"","header-below-stick-meta":"","astra-migrate-meta-layouts":"set","ast-page-background-enabled":"default","ast-page-background-meta":{"desktop":{"background-color":"","background-image":"","background-repeat":"repeat","background-position":"center center","background-size":"auto","background-attachment":"scroll","background-type":"","background-media":"","overlay-type":"","overlay-color":"","overlay-opacity":"","overlay-gradient":""},"tablet":{"background-color":"","background-image":"","background-repeat":"repeat","background-position":"center center","background-size":"auto","background-attachment":"scroll","background-type":"","background-media":"","overlay-type":"","overlay-color":"","overlay-opacity":"","overlay-gradient":""},"mobile":{"background-color":"","background-image":"","background-repeat":"repeat","background-position":"center center","background-size":"auto","background-attachment":"scroll","background-type":"","background-media":"","overlay-type":"","overlay-color":"","overlay-opacity":"","overlay-gradient":""}},"ast-content-background-meta":{"desktop":{"background-color":"var(--ast-global-color-5)","background-image":"","background-repeat":"repeat","background-position":"center center","background-size":"auto","background-attachment":"scroll","background-type":"","background-media":"","overlay-type":"","overlay-color":"","overlay-opacity":"","overlay-gradient":""},"tablet":{"background-color":"var(--ast-global-color-5)","background-image":"","background-repeat":"repeat","background-position":"center center","background-size":"auto","background-attachment":"scroll","background-type":"","background-media":"","overlay-type":"","overlay-color":"","overlay-opacity":"","overlay-gradient":""},"mobile":{"background-color":"var(--ast-global-color-5)","background-image":"","background-repeat":"repeat","background-position":"center center","background-size":"auto","background-attachment":"scroll","background-type":"","background-media":"","overlay-type":"","overlay-color":"","overlay-opacity":"","overlay-gradient":""}},"footnotes":""},"class_list":["post-6943","page","type-page","status-publish","has-post-thumbnail","hentry"],"_links":{"self":[{"href":"https:\/\/satakielikuukausi.fi\/sv\/wp-json\/wp\/v2\/pages\/6943","targetHints":{"allow":["GET"]}}],"collection":[{"href":"https:\/\/satakielikuukausi.fi\/sv\/wp-json\/wp\/v2\/pages"}],"about":[{"href":"https:\/\/satakielikuukausi.fi\/sv\/wp-json\/wp\/v2\/types\/page"}],"author":[{"embeddable":true,"href":"https:\/\/satakielikuukausi.fi\/sv\/wp-json\/wp\/v2\/users\/14"}],"replies":[{"embeddable":true,"href":"https:\/\/satakielikuukausi.fi\/sv\/wp-json\/wp\/v2\/comments?post=6943"}],"version-history":[{"count":189,"href":"https:\/\/satakielikuukausi.fi\/sv\/wp-json\/wp\/v2\/pages\/6943\/revisions"}],"predecessor-version":[{"id":9984,"href":"https:\/\/satakielikuukausi.fi\/sv\/wp-json\/wp\/v2\/pages\/6943\/revisions\/9984"}],"wp:featuredmedia":[{"embeddable":true,"href":"https:\/\/satakielikuukausi.fi\/sv\/wp-json\/wp\/v2\/media\/6701"}],"wp:attachment":[{"href":"https:\/\/satakielikuukausi.fi\/sv\/wp-json\/wp\/v2\/media?parent=6943"}],"curies":[{"name":"wp","href":"https:\/\/api.w.org\/{rel}","templated":true}]}}